{"id":4906,"date":"2022-05-19T04:41:09","date_gmt":"2022-05-19T04:41:09","guid":{"rendered":"https:\/\/www.corazoncabo.com\/?page_id=4906"},"modified":"2022-05-19T05:07:40","modified_gmt":"2022-05-19T05:07:40","slug":"contacto","status":"publish","type":"page","link":"https:\/\/www.corazoncabo.com\/es\/cookies\/","title":{"rendered":"Centro de privacidad y cookies"},"content":{"rendered":"<div data-elementor-type=\"wp-post\" data-elementor-id=\"4906\" class=\"elementor elementor-4906\" data-elementor-post-type=\"page\">\n\t\t\t\t\t\t<section class=\"elementor-section elementor-top-section elementor-element elementor-element-296c6146 elementor-section-boxed elementor-section-height-default elementor-section-height-default\" data-id=\"296c6146\" data-element_type=\"section\" data-e-type=\"section\">\n\t\t\t\t\t\t<div class=\"elementor-container elementor-column-gap-default\">\n\t\t\t\t\t<div class=\"elementor-column elementor-col-100 elementor-top-column elementor-element elementor-element-11cc1249\" data-id=\"11cc1249\" data-element_type=\"column\" data-e-type=\"column\">\n\t\t\t<div class=\"elementor-widget-wrap elementor-element-populated\">\n\t\t\t\t\t\t<div class=\"elementor-element elementor-element-6f7bc8de elementor-widget elementor-widget-text-editor\" data-id=\"6f7bc8de\" data-element_type=\"widget\" data-e-type=\"widget\" data-widget_type=\"text-editor.default\">\n\t\t\t\t<div class=\"elementor-widget-container\">\n\t\t\t\t\t\t\t\t\t<section class=\"alb-wrapper\"><h1>Privacy &amp; Cookies<\/h1>Nuestra Declaraci\u00f3n de Privacidad tambi\u00e9n incluye informaci\u00f3n sobre los tipos de cookies utilizados por nuestros sitios web y c\u00f3mo los utilizamos. Puede configurar sus preferencias y excluirse de las cookies utilizando nuestras herramientas de preferencia de cookies que aparecen a continuaci\u00f3n.<\/section>\t\t\t\t\t\t\t\t<\/div>\n\t\t\t\t<\/div>\n\t\t\t\t\t<\/div>\n\t\t<\/div>\n\t\t\t\t\t<\/div>\n\t\t<\/section>\n\t\t\t\t<section class=\"elementor-section elementor-top-section elementor-element elementor-element-a9f62ae elementor-section-boxed elementor-section-height-default elementor-section-height-default\" data-id=\"a9f62ae\" data-element_type=\"section\" data-e-type=\"section\">\n\t\t\t\t\t\t<div class=\"elementor-container elementor-column-gap-default\">\n\t\t\t\t\t<div class=\"elementor-column elementor-col-100 elementor-top-column elementor-element elementor-element-2befdbc5\" data-id=\"2befdbc5\" data-element_type=\"column\" data-e-type=\"column\">\n\t\t\t<div class=\"elementor-widget-wrap elementor-element-populated\">\n\t\t\t\t\t\t<div class=\"elementor-element elementor-element-1ead77e elementor-widget elementor-widget-html\" data-id=\"1ead77e\" data-element_type=\"widget\" data-e-type=\"widget\" data-widget_type=\"html.default\">\n\t\t\t\t<div class=\"elementor-widget-container\">\n\t\t\t\t\t<script id=\"CookieDeclaration\" src=https:\/\/consent.cookiebot.com\/54342bf3-aff8-4761-be06-fe1748603ea7\/cd.js type=\"text\/javascript\" async><\/script>\t\t\t\t<\/div>\n\t\t\t\t<\/div>\n\t\t\t\t\t<\/div>\n\t\t<\/div>\n\t\t\t\t\t<\/div>\n\t\t<\/section>\n\t\t\t\t<section class=\"elementor-section elementor-top-section elementor-element elementor-element-2938e254 elementor-section-boxed elementor-section-height-default elementor-section-height-default\" data-id=\"2938e254\" data-element_type=\"section\" data-e-type=\"section\">\n\t\t\t\t\t\t<div class=\"elementor-container elementor-column-gap-default\">\n\t\t\t\t\t<div class=\"elementor-column elementor-col-100 elementor-top-column elementor-element elementor-element-40e994ff\" data-id=\"40e994ff\" data-element_type=\"column\" data-e-type=\"column\">\n\t\t\t<div class=\"elementor-widget-wrap elementor-element-populated\">\n\t\t\t\t\t\t<div class=\"elementor-element elementor-element-47006cb7 elementor-widget elementor-widget-template\" data-id=\"47006cb7\" data-element_type=\"widget\" data-e-type=\"widget\" data-widget_type=\"template.default\">\n\t\t\t\t<div class=\"elementor-widget-container\">\n\t\t\t\t\t\t\t<div class=\"elementor-template\">\n\t\t\t\t\t<div data-elementor-type=\"section\" data-elementor-id=\"264\" class=\"elementor elementor-264\" data-elementor-post-type=\"elementor_library\">\n\t\t\t\t\t<section class=\"elementor-section elementor-top-section elementor-element elementor-element-6faa481 section-no-margin elementor-section-boxed elementor-section-height-default elementor-section-height-default\" data-id=\"6faa481\" data-element_type=\"section\" data-e-type=\"section\">\n\t\t\t\t\t\t<div class=\"elementor-container elementor-column-gap-no\">\n\t\t\t\t\t<div class=\"elementor-column elementor-col-100 elementor-top-column elementor-element elementor-element-bd35784\" data-id=\"bd35784\" data-element_type=\"column\" data-e-type=\"column\">\n\t\t\t<div class=\"elementor-widget-wrap elementor-element-populated\">\n\t\t\t\t\t\t<div class=\"elementor-element elementor-element-d8da9c1 elementor-widget-divider--view-line elementor-widget elementor-widget-divider\" data-id=\"d8da9c1\" data-element_type=\"widget\" data-e-type=\"widget\" data-widget_type=\"divider.default\">\n\t\t\t\t<div class=\"elementor-widget-container\">\n\t\t\t\t\t\t\t<div class=\"elementor-divider\">\n\t\t\t<span class=\"elementor-divider-separator\">\n\t\t\t\t\t\t<\/span>\n\t\t<\/div>\n\t\t\t\t\t\t<\/div>\n\t\t\t\t<\/div>\n\t\t\t\t\t<\/div>\n\t\t<\/div>\n\t\t\t\t\t<\/div>\n\t\t<\/section>\n\t\t\t\t<section class=\"elementor-section elementor-top-section elementor-element elementor-element-5b2a5667 info-footer elementor-section-boxed elementor-section-height-default elementor-section-height-default\" data-id=\"5b2a5667\" data-element_type=\"section\" data-e-type=\"section\">\n\t\t\t\t\t\t<div class=\"elementor-container elementor-column-gap-no\">\n\t\t\t\t\t<div class=\"elementor-column elementor-col-33 elementor-top-column elementor-element elementor-element-a27d37e\" data-id=\"a27d37e\" data-element_type=\"column\" data-e-type=\"column\">\n\t\t\t<div class=\"elementor-widget-wrap elementor-element-populated\">\n\t\t\t\t\t\t<div class=\"elementor-element elementor-element-7cf4326 elementor-widget elementor-widget-text-editor\" data-id=\"7cf4326\" data-element_type=\"widget\" data-e-type=\"widget\" data-widget_type=\"text-editor.default\">\n\t\t\t\t<div class=\"elementor-widget-container\">\n\t\t\t\t\t\t\t\t\t<section class=\"alb-wrapper\"><h4><strong>DIRECCI\u00d3N<\/strong><\/h4>\n<p>Coraz\u00f3n Cabo Resort &amp; Spa<br\/><span style=\"color: var( --e-global-color-text );\">Pelicanos 225, El M\u00e9dano Ejidal,<br\/><\/span><span style=\"color: var( --e-global-color-text );\">Cabo San Lucas, M\u00e9xico, 23453<\/span><\/p>\n<p><a href=\"https:\/\/www.google.com\/maps\/place\/Coraz%C3%B3n+Cabo+Resort+%26+Spa\/@22.887043,-109.905703,15z\/data=!4m10!3m9!1s0x0:0xf4862f3e4e1c059c!5m4!1s2022-04-11!2i2!4m1!1i2!8m2!3d22.8870799!4d-109.9056044\" target=\"_blank\" rel=\"noopener\" aria-label=\"Visite el sitio web de google map (se abre en una nueva pesta\u00f1a)\">Mapa y direcciones<\/a><\/p><\/section>\t\t\t\t\t\t\t\t<\/div>\n\t\t\t\t<\/div>\n\t\t\t\t<div class=\"elementor-element elementor-element-2118a33 elementor-align-left border-button zz elementor-hidden-mobile elementor-widget elementor-widget-raven-button\" data-id=\"2118a33\" data-element_type=\"widget\" data-e-type=\"widget\" data-settings=\"{&quot;turn_to_popup_action_button&quot;:&quot;no&quot;}\" data-widget_type=\"raven-button.default\">\n\t\t\t\t<div class=\"elementor-widget-container\">\n\t\t\t\t\t\t\t<div class=\"raven-widget-wrapper\">\n\t\t\t<a class=\"raven-button raven-button-widget-normal-effect-none  raven-button-text-align-center raven-button-link elementor-animation-none\" href=\"\/es\/email\/\" target=\"_blank\" aria-label=\"LISTA DE NOTICIAS Y OFERTAS (Se abre en una ventana nueva)\">\t\t\t\t<div class=\"raven-button-overlay\" ><\/div>\n\t\t\t\t<span class=\"raven-button-content\">\n\t\t\t\t\t\n\t\t\t\t\t<div class=\"button-text-container\">\n\t\t\t\t\t\t\t\t\t\t\t\t<div class=\"raven-button-texts-wrapper\">\n\t\t\t\t\t\t\t<div class=\"button-text\">\n\t\t\t\t\t\t\t\t<span class=\"raven-button-text\">\n\t\t\t\t\t\t\t\t\tLISTA DE NOTICIAS Y OFERTAS\t\t\t\t\t\t\t\t<\/span>\n\t\t\t\t\t\t\t<\/div>\n\t\t\t\t\t\t\t\t\t\t\t\t\t<\/div>\n\t\t\t\t\t\t\t\t\t\t\t<\/div>\n\t\t\t\t\t\n\t\t\t\t\t\t\t\t\t<\/span>\n\t\t\t<\/a>\t\t<\/div>\n\t\t\t\t\t\t<\/div>\n\t\t\t\t<\/div>\n\t\t\t\t\t<\/div>\n\t\t<\/div>\n\t\t\t\t<div class=\"elementor-column elementor-col-33 elementor-top-column elementor-element elementor-element-d73307f\" data-id=\"d73307f\" data-element_type=\"column\" data-e-type=\"column\">\n\t\t\t<div class=\"elementor-widget-wrap elementor-element-populated\">\n\t\t\t\t\t\t<div class=\"elementor-element elementor-element-332f1b9 elementor-widget elementor-widget-text-editor\" data-id=\"332f1b9\" data-element_type=\"widget\" data-e-type=\"widget\" data-widget_type=\"text-editor.default\">\n\t\t\t\t<div class=\"elementor-widget-container\">\n\t\t\t\t\t\t\t\t\t<section class=\"alb-wrapper\"><h5><strong>HOTEL DIRECTO<\/strong><\/h5><p><a href=\"tel:011-52-624-980-0604\">011-52-624-980-0604<\/a><\/p><h5><strong>RESERVAS DE HABITACIONES<\/strong><\/h5><p><a class=\"navisTFN\" href=\"tel:+18007535069\">800-753-5069<\/a><\/p><\/section>\t\t\t\t\t\t\t\t<\/div>\n\t\t\t\t<\/div>\n\t\t\t\t<div class=\"elementor-element elementor-element-3e9256a elementor-align-left border-button zz elementor-hidden-desktop elementor-hidden-tablet elementor-widget elementor-widget-raven-button\" data-id=\"3e9256a\" data-element_type=\"widget\" data-e-type=\"widget\" data-settings=\"{&quot;turn_to_popup_action_button&quot;:&quot;no&quot;}\" data-widget_type=\"raven-button.default\">\n\t\t\t\t<div class=\"elementor-widget-container\">\n\t\t\t\t\t\t\t<div class=\"raven-widget-wrapper\">\n\t\t\t<a class=\"raven-button raven-button-widget-normal-effect-none  raven-button-text-align-center raven-button-link elementor-animation-none\" href=\"\/es\/email\/\" target=\"_blank\" aria-label=\"LISTA DE NOTICIAS Y OFERTAS (Se abre en una ventana nueva)\">\t\t\t\t<div class=\"raven-button-overlay\" ><\/div>\n\t\t\t\t<span class=\"raven-button-content\">\n\t\t\t\t\t\n\t\t\t\t\t<div class=\"button-text-container\">\n\t\t\t\t\t\t\t\t\t\t\t\t<div class=\"raven-button-texts-wrapper\">\n\t\t\t\t\t\t\t<div class=\"button-text\">\n\t\t\t\t\t\t\t\t<span class=\"raven-button-text\">\n\t\t\t\t\t\t\t\t\tLISTA DE NOTICIAS Y OFERTAS\t\t\t\t\t\t\t\t<\/span>\n\t\t\t\t\t\t\t<\/div>\n\t\t\t\t\t\t\t\t\t\t\t\t\t<\/div>\n\t\t\t\t\t\t\t\t\t\t\t<\/div>\n\t\t\t\t\t\n\t\t\t\t\t\t\t\t\t<\/span>\n\t\t\t<\/a>\t\t<\/div>\n\t\t\t\t\t\t<\/div>\n\t\t\t\t<\/div>\n\t\t\t\t\t<\/div>\n\t\t<\/div>\n\t\t\t\t<div class=\"elementor-column elementor-col-33 elementor-top-column elementor-element elementor-element-0f793fc\" data-id=\"0f793fc\" data-element_type=\"column\" data-e-type=\"column\">\n\t\t\t<div class=\"elementor-widget-wrap elementor-element-populated\">\n\t\t\t\t\t\t<div class=\"elementor-element elementor-element-fbf79d6 elementor-widget elementor-widget-text-editor\" data-id=\"fbf79d6\" data-element_type=\"widget\" data-e-type=\"widget\" data-widget_type=\"text-editor.default\">\n\t\t\t\t<div class=\"elementor-widget-container\">\n\t\t\t\t\t\t\t\t\t<section class=\"alb-wrapper\"><h5><strong>MEDIOS DE COMUNICACI\u00d3N DESTACADOS<\/strong><\/h5><p><span style=\"font-size: 24px;\"><strong>La mejor vida nocturna en Cabo San Lucas<\/strong><br\/><\/span>Premios 10Best de USA Today, 2022<\/p><p><span style=\"font-size: 24px;\"><strong>77 nuevos hoteles en todo el mundo<\/strong><br\/><\/span>Forbes, 2022<\/p><p><a style=\"font-size: 13px;\" href=\"\/es\/articles\/\">VER TODA LA PRENSA<\/a><\/p><\/section>\t\t\t\t\t\t\t\t<\/div>\n\t\t\t\t<\/div>\n\t\t\t\t<div class=\"elementor-element elementor-element-443dfe1 elementor-widget elementor-widget-image\" data-id=\"443dfe1\" data-element_type=\"widget\" data-e-type=\"widget\" data-widget_type=\"image.default\">\n\t\t\t\t<div class=\"elementor-widget-container\">\n\t\t\t\t\t\t\t\t\t\t\t\t\t\t\t<img fetchpriority=\"high\" decoding=\"async\" width=\"251\" height=\"300\" src=\"https:\/\/www.corazoncabo.com\/wp-content\/uploads\/2023\/06\/ta-small-251x300.jpg\" class=\"attachment-medium size-medium wp-image-5394\" alt=\"Trip Advisor Travelers Choice 2023.\" srcset=\"https:\/\/www.corazoncabo.com\/wp-content\/uploads\/2023\/06\/ta-small-251x300.jpg 251w, https:\/\/www.corazoncabo.com\/wp-content\/uploads\/2023\/06\/ta-small-10x12.jpg 10w, https:\/\/www.corazoncabo.com\/wp-content\/uploads\/2023\/06\/ta-small.jpg 454w\" sizes=\"(max-width: 251px) 100vw, 251px\" \/>\t\t\t\t\t\t\t\t\t\t\t\t\t\t\t<\/div>\n\t\t\t\t<\/div>\n\t\t\t\t\t<\/div>\n\t\t<\/div>\n\t\t\t\t\t<\/div>\n\t\t<\/section>\n\t\t\t\t<section class=\"elementor-section elementor-top-section elementor-element elementor-element-b555849 elementor-section-boxed elementor-section-height-default elementor-section-height-default\" data-id=\"b555849\" data-element_type=\"section\" data-e-type=\"section\">\n\t\t\t\t\t\t<div class=\"elementor-container elementor-column-gap-no\">\n\t\t\t\t\t<div class=\"elementor-column elementor-col-100 elementor-top-column elementor-element elementor-element-306514a\" data-id=\"306514a\" data-element_type=\"column\" data-e-type=\"column\">\n\t\t\t<div class=\"elementor-widget-wrap elementor-element-populated\">\n\t\t\t\t\t\t<div class=\"elementor-element elementor-element-fac966f elementor-shape-circle e-grid-align-left elementor-grid-0 elementor-widget elementor-widget-social-icons\" data-id=\"fac966f\" data-element_type=\"widget\" data-e-type=\"widget\" data-widget_type=\"social-icons.default\">\n\t\t\t\t<div class=\"elementor-widget-container\">\n\t\t\t\t\t\t\t<div class=\"elementor-social-icons-wrapper elementor-grid\" role=\"list\">\n\t\t\t\t\t\t\t<span class=\"elementor-grid-item\" role=\"listitem\">\n\t\t\t\t\t<a class=\"elementor-icon elementor-social-icon elementor-social-icon-facebook-f elementor-repeater-item-b729d86\" href=\"https:\/\/www.facebook.com\/CorazonCabo\/\" target=\"_blank\">\n\t\t\t\t\t\t<span class=\"elementor-screen-only\">Facebook-f<\/span>\n\t\t\t\t\t\t<i aria-hidden=\"true\" class=\"fab fa-facebook-f\"><\/i>\t\t\t\t\t<\/a>\n\t\t\t\t<\/span>\n\t\t\t\t\t\t\t<span class=\"elementor-grid-item\" role=\"listitem\">\n\t\t\t\t\t<a class=\"elementor-icon elementor-social-icon elementor-social-icon-instagram elementor-repeater-item-76aa85b\" href=\"https:\/\/www.instagram.com\/corazoncabo\/\" target=\"_blank\">\n\t\t\t\t\t\t<span class=\"elementor-screen-only\">Instagram<\/span>\n\t\t\t\t\t\t<i aria-hidden=\"true\" class=\"fab fa-instagram\"><\/i>\t\t\t\t\t<\/a>\n\t\t\t\t<\/span>\n\t\t\t\t\t\t\t<span class=\"elementor-grid-item\" role=\"listitem\">\n\t\t\t\t\t<a class=\"elementor-icon elementor-social-icon elementor-social-icon-linkedin-in elementor-repeater-item-8a54f94\" href=\"https:\/\/www.linkedin.com\/company\/corazon-cabo-resort-spa-a-noble-house-resort\/\" target=\"_blank\">\n\t\t\t\t\t\t<span class=\"elementor-screen-only\">Linkedin-in<\/span>\n\t\t\t\t\t\t<i aria-hidden=\"true\" class=\"fab fa-linkedin-in\"><\/i>\t\t\t\t\t<\/a>\n\t\t\t\t<\/span>\n\t\t\t\t\t<\/div>\n\t\t\t\t\t\t<\/div>\n\t\t\t\t<\/div>\n\t\t\t\t<div class=\"elementor-element elementor-element-51e3bf3 elementor-widget elementor-widget-text-editor\" data-id=\"51e3bf3\" data-element_type=\"widget\" data-e-type=\"widget\" data-widget_type=\"text-editor.default\">\n\t\t\t\t<div class=\"elementor-widget-container\">\n\t\t\t\t\t\t\t\t\t<section class=\"alb-wrapper\"><p><a href=\"\/es\/careers\/\">Carreras<\/a> \u00a0 \u00a0<a href=\"\/es\/contacta-nosotros\/\">Contacto y direcciones<\/a>\u00a0 \u00a0 \u00a0<a href=\"\/es\/articles\/\">Premios y prensa<\/a>\u00a0 \u00a0 \u00a0<a href=\"\/es\/accesibilidad\/\">Accesibilidad<\/a> \u00a0 \u00a0 <a href=\"https:\/\/www.noblehousehotels.com\/travel-professionals\/\" target=\"_blank\" rel=\"noopener\" aria-label=\"Visite el sitio web noblehousehotels.com (se abre en una nueva pesta\u00f1a)\">Profesionales de los viajes<\/a>\u00a0 \u00a0 \u00a0<a href=\"https:\/\/www.imglobal.com\/img-producer-insurance-plans?imgac=524357&amp;productType=trip\" target=\"_blank\" rel=\"noopener\" aria-label=\"Seguro de viaje (Abre en ventana nueva)\">Seguro de viaje<\/a>\u00a0 \u00a0 \u00a0<a href=\"https:\/\/bajatraveltransportation.com\/booking-service\/cabo-villas\" target=\"_blank\" rel=\"noopener\" aria-label=\"Reservar transporte (Se abre en una ventana nueva)\">Reserve su transportaci\u00f3n<\/a><br\/><a href=\"\/es\/sitemap\/\">Mapa del sitio<\/a>\u00a0 \u00a0 <a href=\"\/es\/contacto\/\">Centro de cookies<\/a><\/p><\/section>\t\t\t\t\t\t\t\t<\/div>\n\t\t\t\t<\/div>\n\t\t\t\t\t<\/div>\n\t\t<\/div>\n\t\t\t\t\t<\/div>\n\t\t<\/section>\n\t\t\t\t<\/div>\n\t\t\t\t<\/div>\n\t\t\t\t\t\t<\/div>\n\t\t\t\t<\/div>\n\t\t\t\t\t<\/div>\n\t\t<\/div>\n\t\t\t\t\t<\/div>\n\t\t<\/section>\n\t\t\t\t<\/div>","protected":false},"excerpt":{"rendered":"<p>Privacy &amp; Cookies Our Privacy Statement also includes information on the types of cookies used by our websites and how we use these. You can set your preferences and opt-out of cookies using our Cookie Preference Tools below.<\/p>","protected":false},"author":7,"featured_media":0,"parent":0,"menu_order":0,"comment_status":"closed","ping_status":"closed","template":"","meta":{"_acf_changed":false,"footnotes":""},"class_list":["post-4906","page","type-page","status-publish","hentry"],"acf":[],"yoast_head":"<!-- This site is optimized with the Yoast SEO plugin v27.0 - https:\/\/yoast.com\/product\/yoast-seo-wordpress\/ -->\n<title>Privacy and Cookie Center \u2013 Corazon Cabo<\/title>\n<meta name=\"description\" content=\"Privacy and Cookie Center - You can change your cookies tracking permission here.\" \/>\n<meta name=\"robots\" content=\"index, follow, max-snippet:-1, max-image-preview:large, max-video-preview:-1\" \/>\n<link rel=\"canonical\" href=\"https:\/\/www.corazoncabo.com\/es\/contacto\/\" \/>\n<meta property=\"og:locale\" content=\"es_MX\" \/>\n<meta property=\"og:type\" content=\"article\" \/>\n<meta property=\"og:title\" content=\"Privacy and Cookie Center \u2013 Corazon Cabo\" \/>\n<meta property=\"og:description\" content=\"Privacy and Cookie Center - You can change your cookies tracking permission here.\" \/>\n<meta property=\"og:url\" content=\"https:\/\/www.corazoncabo.com\/es\/contacto\/\" \/>\n<meta property=\"og:site_name\" content=\"Corazon Cabo Resort &amp; Spa\" \/>\n<meta property=\"article:publisher\" content=\"https:\/\/www.instagram.com\/corazoncabo\/\" \/>\n<meta property=\"article:modified_time\" content=\"2022-05-19T05:07:40+00:00\" \/>\n<meta property=\"og:image\" content=\"https:\/\/www.corazoncabo.com\/wp-content\/uploads\/2021\/10\/Hero.jpg\" \/>\n\t<meta property=\"og:image:width\" content=\"2200\" \/>\n\t<meta property=\"og:image:height\" content=\"1450\" \/>\n\t<meta property=\"og:image:type\" content=\"image\/jpeg\" \/>\n<meta name=\"twitter:card\" content=\"summary_large_image\" \/>\n<meta name=\"twitter:site\" content=\"@CorazonCabo\" \/>\n<meta name=\"twitter:label1\" content=\"Tiempo de lectura\" \/>\n\t<meta name=\"twitter:data1\" content=\"10 minutos\" \/>\n<script type=\"application\/ld+json\" class=\"yoast-schema-graph\">{\"@context\":\"https:\/\/schema.org\",\"@graph\":[{\"@type\":\"WebPage\",\"@id\":\"https:\/\/www.corazoncabo.com\/cookies\/\",\"url\":\"https:\/\/www.corazoncabo.com\/cookies\/\",\"name\":\"Privacy and Cookie Center \u2013 Corazon Cabo\",\"isPartOf\":{\"@id\":\"https:\/\/www.corazoncabo.com\/#website\"},\"datePublished\":\"2022-05-19T04:41:09+00:00\",\"dateModified\":\"2022-05-19T05:07:40+00:00\",\"description\":\"Privacy and Cookie Center - You can change your cookies tracking permission here.\",\"breadcrumb\":{\"@id\":\"https:\/\/www.corazoncabo.com\/cookies\/#breadcrumb\"},\"inLanguage\":\"es\",\"potentialAction\":[{\"@type\":\"ReadAction\",\"target\":[\"https:\/\/www.corazoncabo.com\/cookies\/\"]}]},{\"@type\":\"BreadcrumbList\",\"@id\":\"https:\/\/www.corazoncabo.com\/cookies\/#breadcrumb\",\"itemListElement\":[{\"@type\":\"ListItem\",\"position\":1,\"name\":\"Home\",\"item\":\"https:\/\/www.corazoncabo.com\/\"},{\"@type\":\"ListItem\",\"position\":2,\"name\":\"Privacy and Cookie Center\"}]},{\"@type\":\"WebSite\",\"@id\":\"https:\/\/www.corazoncabo.com\/#website\",\"url\":\"https:\/\/www.corazoncabo.com\/\",\"name\":\"Corazon Cabo Resort &amp; Spa\",\"description\":\"The Perfect Cabo Resort Vacation Destination\",\"publisher\":{\"@id\":\"https:\/\/www.corazoncabo.com\/#organization\"},\"potentialAction\":[{\"@type\":\"SearchAction\",\"target\":{\"@type\":\"EntryPoint\",\"urlTemplate\":\"https:\/\/www.corazoncabo.com\/?s={search_term_string}\"},\"query-input\":{\"@type\":\"PropertyValueSpecification\",\"valueRequired\":true,\"valueName\":\"search_term_string\"}}],\"inLanguage\":\"es\"},{\"@type\":\"Organization\",\"@id\":\"https:\/\/www.corazoncabo.com\/#organization\",\"name\":\"Corazon Cabo Resort & Spa\",\"url\":\"https:\/\/www.corazoncabo.com\/\",\"logo\":{\"@type\":\"ImageObject\",\"inLanguage\":\"es\",\"@id\":\"https:\/\/www.corazoncabo.com\/#\/schema\/logo\/image\/\",\"url\":\"https:\/\/www.corazoncabo.com\/wp-content\/uploads\/2021\/10\/Corazon-logo-black.svg\",\"contentUrl\":\"https:\/\/www.corazoncabo.com\/wp-content\/uploads\/2021\/10\/Corazon-logo-black.svg\",\"width\":2880,\"height\":536.8,\"caption\":\"Corazon Cabo Resort & Spa\"},\"image\":{\"@id\":\"https:\/\/www.corazoncabo.com\/#\/schema\/logo\/image\/\"},\"sameAs\":[\"https:\/\/www.instagram.com\/corazoncabo\/\",\"https:\/\/x.com\/CorazonCabo\",\"https:\/\/www.facebook.com\/CorazonCabo\/\",\"https:\/\/www.pinterest.com.mx\/corazoncabo\/\"]}]}<\/script>\n<!-- \/ Yoast SEO plugin. -->","yoast_head_json":{"title":"Privacy and Cookie Center \u2013 Corazon Cabo","description":"Privacy and Cookie Center - You can change your cookies tracking permission here.","robots":{"index":"index","follow":"follow","max-snippet":"max-snippet:-1","max-image-preview":"max-image-preview:large","max-video-preview":"max-video-preview:-1"},"canonical":"https:\/\/www.corazoncabo.com\/es\/contacto\/","og_locale":"es_MX","og_type":"article","og_title":"Privacy and Cookie Center \u2013 Corazon Cabo","og_description":"Privacy and Cookie Center - You can change your cookies tracking permission here.","og_url":"https:\/\/www.corazoncabo.com\/es\/contacto\/","og_site_name":"Corazon Cabo Resort &amp; Spa","article_publisher":"https:\/\/www.instagram.com\/corazoncabo\/","article_modified_time":"2022-05-19T05:07:40+00:00","og_image":[{"width":2200,"height":1450,"url":"https:\/\/www.corazoncabo.com\/wp-content\/uploads\/2021\/10\/Hero.jpg","type":"image\/jpeg"}],"twitter_card":"summary_large_image","twitter_site":"@CorazonCabo","twitter_misc":{"Tiempo de lectura":"10 minutos"},"schema":{"@context":"https:\/\/schema.org","@graph":[{"@type":"WebPage","@id":"https:\/\/www.corazoncabo.com\/cookies\/","url":"https:\/\/www.corazoncabo.com\/cookies\/","name":"Privacy and Cookie Center \u2013 Corazon Cabo","isPartOf":{"@id":"https:\/\/www.corazoncabo.com\/#website"},"datePublished":"2022-05-19T04:41:09+00:00","dateModified":"2022-05-19T05:07:40+00:00","description":"Privacy and Cookie Center - You can change your cookies tracking permission here.","breadcrumb":{"@id":"https:\/\/www.corazoncabo.com\/cookies\/#breadcrumb"},"inLanguage":"es","potentialAction":[{"@type":"ReadAction","target":["https:\/\/www.corazoncabo.com\/cookies\/"]}]},{"@type":"BreadcrumbList","@id":"https:\/\/www.corazoncabo.com\/cookies\/#breadcrumb","itemListElement":[{"@type":"ListItem","position":1,"name":"Home","item":"https:\/\/www.corazoncabo.com\/"},{"@type":"ListItem","position":2,"name":"Privacy and Cookie Center"}]},{"@type":"WebSite","@id":"https:\/\/www.corazoncabo.com\/#website","url":"https:\/\/www.corazoncabo.com\/","name":"Coraz\u00f3n Cabo Resort &amp; Spa","description":"El destino vacacional perfecto en Los Cabos","publisher":{"@id":"https:\/\/www.corazoncabo.com\/#organization"},"potentialAction":[{"@type":"SearchAction","target":{"@type":"EntryPoint","urlTemplate":"https:\/\/www.corazoncabo.com\/?s={search_term_string}"},"query-input":{"@type":"PropertyValueSpecification","valueRequired":true,"valueName":"search_term_string"}}],"inLanguage":"es"},{"@type":"Organization","@id":"https:\/\/www.corazoncabo.com\/#organization","name":"Coraz\u00f3n Cabo Resort &amp; Spa","url":"https:\/\/www.corazoncabo.com\/","logo":{"@type":"ImageObject","inLanguage":"es","@id":"https:\/\/www.corazoncabo.com\/#\/schema\/logo\/image\/","url":"https:\/\/www.corazoncabo.com\/wp-content\/uploads\/2021\/10\/Corazon-logo-black.svg","contentUrl":"https:\/\/www.corazoncabo.com\/wp-content\/uploads\/2021\/10\/Corazon-logo-black.svg","width":2880,"height":536.8,"caption":"Corazon Cabo Resort & Spa"},"image":{"@id":"https:\/\/www.corazoncabo.com\/#\/schema\/logo\/image\/"},"sameAs":["https:\/\/www.instagram.com\/corazoncabo\/","https:\/\/x.com\/CorazonCabo","https:\/\/www.facebook.com\/CorazonCabo\/","https:\/\/www.pinterest.com.mx\/corazoncabo\/"]}]}},"_links":{"self":[{"href":"https:\/\/www.corazoncabo.com\/es\/wp-json\/wp\/v2\/pages\/4906","targetHints":{"allow":["GET"]}}],"collection":[{"href":"https:\/\/www.corazoncabo.com\/es\/wp-json\/wp\/v2\/pages"}],"about":[{"href":"https:\/\/www.corazoncabo.com\/es\/wp-json\/wp\/v2\/types\/page"}],"author":[{"embeddable":true,"href":"https:\/\/www.corazoncabo.com\/es\/wp-json\/wp\/v2\/users\/7"}],"replies":[{"embeddable":true,"href":"https:\/\/www.corazoncabo.com\/es\/wp-json\/wp\/v2\/comments?post=4906"}],"version-history":[{"count":0,"href":"https:\/\/www.corazoncabo.com\/es\/wp-json\/wp\/v2\/pages\/4906\/revisions"}],"wp:attachment":[{"href":"https:\/\/www.corazoncabo.com\/es\/wp-json\/wp\/v2\/media?parent=4906"}],"curies":[{"name":"wp","href":"https:\/\/api.w.org\/{rel}","templated":true}]}}