{"id":4992,"date":"2022-08-11T01:39:57","date_gmt":"2022-08-11T01:39:57","guid":{"rendered":"https:\/\/www.corazoncabo.com\/?page_id=4992"},"modified":"2024-03-14T00:57:04","modified_gmt":"2024-03-14T00:57:04","slug":"responsibilidad-social","status":"publish","type":"page","link":"https:\/\/www.corazoncabo.com\/es\/social-responsibility\/","title":{"rendered":"Responsabilidad social"},"content":{"rendered":"<div data-elementor-type=\"wp-post\" data-elementor-id=\"4992\" class=\"elementor elementor-4992\" data-elementor-post-type=\"page\">\n\t\t\t\t\t\t<section class=\"elementor-section elementor-top-section elementor-element elementor-element-77c3001 elementor-section-full_width elementor-section-height-full elementor-section-stretched hero-overlay elementor-section-height-default elementor-section-items-middle\" data-id=\"77c3001\" data-element_type=\"section\" data-e-type=\"section\" data-settings=\"{&quot;background_background&quot;:&quot;classic&quot;,&quot;stretch_section&quot;:&quot;section-stretched&quot;}\">\n\t\t\t\t\t\t\t<div class=\"elementor-background-overlay\"><\/div>\n\t\t\t\t\t\t\t<div class=\"elementor-container elementor-column-gap-default\">\n\t\t\t\t\t<div class=\"elementor-column elementor-col-100 elementor-top-column elementor-element elementor-element-5309bb3\" data-id=\"5309bb3\" data-element_type=\"column\" data-e-type=\"column\">\n\t\t\t<div class=\"elementor-widget-wrap elementor-element-populated\">\n\t\t\t\t\t\t<div class=\"elementor-element elementor-element-8c9183e hero-heading-text elementor-widget elementor-widget-text-editor\" data-id=\"8c9183e\" data-element_type=\"widget\" data-e-type=\"widget\" data-widget_type=\"text-editor.default\">\n\t\t\t\t<div class=\"elementor-widget-container\">\n\t\t\t\t\t\t\t\t\t<section class=\"alb-wrapper\"><p>Responsabilidad social<\/p><\/section>\t\t\t\t\t\t\t\t<\/div>\n\t\t\t\t<\/div>\n\t\t\t\t\t<\/div>\n\t\t<\/div>\n\t\t\t\t\t<\/div>\n\t\t<\/section>\n\t\t\t\t<section class=\"elementor-section elementor-top-section elementor-element elementor-element-a4888c3 elementor-section-boxed elementor-section-height-default elementor-section-height-default\" data-id=\"a4888c3\" data-element_type=\"section\" data-e-type=\"section\">\n\t\t\t\t\t\t<div class=\"elementor-container elementor-column-gap-default\">\n\t\t\t\t\t<div class=\"elementor-column elementor-col-100 elementor-top-column elementor-element elementor-element-668d18c\" data-id=\"668d18c\" data-element_type=\"column\" data-e-type=\"column\">\n\t\t\t<div class=\"elementor-widget-wrap elementor-element-populated\">\n\t\t\t\t\t\t<section class=\"elementor-section elementor-inner-section elementor-element elementor-element-2e08493 elementor-section-boxed elementor-section-height-default elementor-section-height-default\" data-id=\"2e08493\" data-element_type=\"section\" data-e-type=\"section\">\n\t\t\t\t\t\t<div class=\"elementor-container elementor-column-gap-no\">\n\t\t\t\t\t<div class=\"elementor-column elementor-col-100 elementor-inner-column elementor-element elementor-element-08f1aef\" data-id=\"08f1aef\" data-element_type=\"column\" data-e-type=\"column\">\n\t\t\t<div class=\"elementor-widget-wrap elementor-element-populated\">\n\t\t\t\t\t\t<div class=\"elementor-element elementor-element-db186a2 elementor-widget elementor-widget-text-editor\" data-id=\"db186a2\" data-element_type=\"widget\" data-e-type=\"widget\" data-widget_type=\"text-editor.default\">\n\t\t\t\t<div class=\"elementor-widget-container\">\n\t\t\t\t\t\t\t\t\t<section class=\"alb-wrapper\"><h1 style=\"text-align: left;\">Los Cabos Children\u00b4s Foundation<\/h1><\/section>\t\t\t\t\t\t\t\t<\/div>\n\t\t\t\t<\/div>\n\t\t\t\t\t<\/div>\n\t\t<\/div>\n\t\t\t\t\t<\/div>\n\t\t<\/section>\n\t\t\t\t\t<\/div>\n\t\t<\/div>\n\t\t\t\t\t<\/div>\n\t\t<\/section>\n\t\t\t\t<section class=\"elementor-section elementor-top-section elementor-element elementor-element-0317b23 elementor-section-stretched elementor-section-boxed elementor-section-height-default elementor-section-height-default\" data-id=\"0317b23\" data-element_type=\"section\" data-e-type=\"section\" data-settings=\"{&quot;stretch_section&quot;:&quot;section-stretched&quot;}\">\n\t\t\t\t\t\t<div class=\"elementor-container elementor-column-gap-no\">\n\t\t\t\t\t<div class=\"elementor-column elementor-col-100 elementor-top-column elementor-element elementor-element-d272448\" data-id=\"d272448\" data-element_type=\"column\" data-e-type=\"column\">\n\t\t\t<div class=\"elementor-widget-wrap elementor-element-populated\">\n\t\t\t\t\t\t<section class=\"elementor-section elementor-inner-section elementor-element elementor-element-5b5d831 elementor-section-boxed elementor-section-height-default elementor-section-height-default\" data-id=\"5b5d831\" data-element_type=\"section\" data-e-type=\"section\">\n\t\t\t\t\t\t<div class=\"elementor-container elementor-column-gap-no\">\n\t\t\t\t\t<div class=\"elementor-column elementor-col-50 elementor-inner-column elementor-element elementor-element-b907186\" data-id=\"b907186\" data-element_type=\"column\" data-e-type=\"column\">\n\t\t\t<div class=\"elementor-widget-wrap elementor-element-populated\">\n\t\t\t\t\t\t<div class=\"elementor-element elementor-element-94e492e elementor-widget elementor-widget-image\" data-id=\"94e492e\" data-element_type=\"widget\" data-e-type=\"widget\" data-widget_type=\"image.default\">\n\t\t\t\t<div class=\"elementor-widget-container\">\n\t\t\t\t\t\t\t\t\t\t\t\t\t\t\t<img fetchpriority=\"high\" decoding=\"async\" width=\"1024\" height=\"768\" src=\"https:\/\/www.corazoncabo.com\/wp-content\/uploads\/2022\/08\/childrens-foundation-horz-1024x768.jpg\" class=\"attachment-large size-large wp-image-4995\" alt=\"Programa de socios de Los Cabos Childrens Foundation.\" srcset=\"https:\/\/www.corazoncabo.com\/wp-content\/uploads\/2022\/08\/childrens-foundation-horz-1024x768.jpg 1024w, https:\/\/www.corazoncabo.com\/wp-content\/uploads\/2022\/08\/childrens-foundation-horz-300x225.jpg 300w, https:\/\/www.corazoncabo.com\/wp-content\/uploads\/2022\/08\/childrens-foundation-horz-768x576.jpg 768w, https:\/\/www.corazoncabo.com\/wp-content\/uploads\/2022\/08\/childrens-foundation-horz-16x12.jpg 16w, https:\/\/www.corazoncabo.com\/wp-content\/uploads\/2022\/08\/childrens-foundation-horz.jpg 1200w\" sizes=\"(max-width: 1024px) 100vw, 1024px\" \/>\t\t\t\t\t\t\t\t\t\t\t\t\t\t\t<\/div>\n\t\t\t\t<\/div>\n\t\t\t\t<div class=\"elementor-element elementor-element-251811f elementor-widget elementor-widget-spacer\" data-id=\"251811f\" data-element_type=\"widget\" data-e-type=\"widget\" data-widget_type=\"spacer.default\">\n\t\t\t\t<div class=\"elementor-widget-container\">\n\t\t\t\t\t\t\t<div class=\"elementor-spacer\">\n\t\t\t<div class=\"elementor-spacer-inner\"><\/div>\n\t\t<\/div>\n\t\t\t\t\t\t<\/div>\n\t\t\t\t<\/div>\n\t\t\t\t<div class=\"elementor-element elementor-element-d20e806 elementor-widget elementor-widget-image\" data-id=\"d20e806\" data-element_type=\"widget\" data-e-type=\"widget\" data-widget_type=\"image.default\">\n\t\t\t\t<div class=\"elementor-widget-container\">\n\t\t\t\t\t\t\t\t\t\t\t\t\t\t\t<img decoding=\"async\" width=\"769\" height=\"1024\" src=\"https:\/\/www.corazoncabo.com\/wp-content\/uploads\/2022\/08\/kids-baloons-vert-769x1024.jpg\" class=\"attachment-large size-large wp-image-4997\" alt=\"Ni\u00f1os jugando con globos.\" srcset=\"https:\/\/www.corazoncabo.com\/wp-content\/uploads\/2022\/08\/kids-baloons-vert-769x1024.jpg 769w, https:\/\/www.corazoncabo.com\/wp-content\/uploads\/2022\/08\/kids-baloons-vert-225x300.jpg 225w, https:\/\/www.corazoncabo.com\/wp-content\/uploads\/2022\/08\/kids-baloons-vert-768x1023.jpg 768w, https:\/\/www.corazoncabo.com\/wp-content\/uploads\/2022\/08\/kids-baloons-vert-576x768.jpg 576w, https:\/\/www.corazoncabo.com\/wp-content\/uploads\/2022\/08\/kids-baloons-vert-9x12.jpg 9w, https:\/\/www.corazoncabo.com\/wp-content\/uploads\/2022\/08\/kids-baloons-vert.jpg 900w\" sizes=\"(max-width: 769px) 100vw, 769px\" \/>\t\t\t\t\t\t\t\t\t\t\t\t\t\t\t<\/div>\n\t\t\t\t<\/div>\n\t\t\t\t\t<\/div>\n\t\t<\/div>\n\t\t\t\t<div class=\"elementor-column elementor-col-50 elementor-inner-column elementor-element elementor-element-e348fb9\" data-id=\"e348fb9\" data-element_type=\"column\" data-e-type=\"column\">\n\t\t\t<div class=\"elementor-widget-wrap elementor-element-populated\">\n\t\t\t\t\t\t<div class=\"elementor-element elementor-element-c491ae9 elementor-widget elementor-widget-text-editor\" data-id=\"c491ae9\" data-element_type=\"widget\" data-e-type=\"widget\" data-widget_type=\"text-editor.default\">\n\t\t\t\t<div class=\"elementor-widget-container\">\n\t\t\t\t\t\t\t\t\t<section class=\"alb-wrapper\"><h2>Los Cabos Children\u00b4s Foundation<\/h2><p>La misi\u00f3n de LCCF es promover, fortalecer y avanzar en programas enfocados a la salud y el bienestar de los ni\u00f1os y j\u00f3venes de Baja California Sur, para mejorar su calidad de vida.<\/p><p><strong>La LCCF tiene un modelo \u00fanico:<\/strong><\/p><ul><li>Operar sus propios programas<\/li><li>Invertir en otras organizaciones alineadas con la misma misi\u00f3n<\/li><li>Ir m\u00e1s all\u00e1 del apoyo financiero para elevar el rendimiento y el impacto del sector no lucrativo en Baja California Sur<\/li><\/ul><\/section>\t\t\t\t\t\t\t\t<\/div>\n\t\t\t\t<\/div>\n\t\t\t\t<div class=\"elementor-element elementor-element-cc71bd8 elementor-widget-divider--view-line elementor-widget elementor-widget-divider\" data-id=\"cc71bd8\" data-element_type=\"widget\" data-e-type=\"widget\" data-widget_type=\"divider.default\">\n\t\t\t\t<div class=\"elementor-widget-container\">\n\t\t\t\t\t\t\t<div class=\"elementor-divider\">\n\t\t\t<span class=\"elementor-divider-separator\">\n\t\t\t\t\t\t<\/span>\n\t\t<\/div>\n\t\t\t\t\t\t<\/div>\n\t\t\t\t<\/div>\n\t\t\t\t<div class=\"elementor-element elementor-element-ab01d8e elementor-widget elementor-widget-text-editor\" data-id=\"ab01d8e\" data-element_type=\"widget\" data-e-type=\"widget\" data-widget_type=\"text-editor.default\">\n\t\t\t\t<div class=\"elementor-widget-container\">\n\t\t\t\t\t\t\t\t\t<section class=\"alb-wrapper\"><p><strong>PROMOVER<br\/><\/strong>El conocimiento de las necesidades de nuestra comunidad y de la poblaci\u00f3n objetivo.<\/p><p>Un proceso anual de solicitud para identificar nuevos programas que apoyar.<\/p><p>Incubadora para programas que quieran formalizar su trabajo en la comunidad.<\/p><\/section>\t\t\t\t\t\t\t\t<\/div>\n\t\t\t\t<\/div>\n\t\t\t\t<div class=\"elementor-element elementor-element-9207d3d elementor-widget-divider--view-line elementor-widget elementor-widget-divider\" data-id=\"9207d3d\" data-element_type=\"widget\" data-e-type=\"widget\" data-widget_type=\"divider.default\">\n\t\t\t\t<div class=\"elementor-widget-container\">\n\t\t\t\t\t\t\t<div class=\"elementor-divider\">\n\t\t\t<span class=\"elementor-divider-separator\">\n\t\t\t\t\t\t<\/span>\n\t\t<\/div>\n\t\t\t\t\t\t<\/div>\n\t\t\t\t<\/div>\n\t\t\t\t<div class=\"elementor-element elementor-element-d52572a elementor-widget elementor-widget-text-editor\" data-id=\"d52572a\" data-element_type=\"widget\" data-e-type=\"widget\" data-widget_type=\"text-editor.default\">\n\t\t\t\t<div class=\"elementor-widget-container\">\n\t\t\t\t\t\t\t\t\t<section class=\"alb-wrapper\"><p><strong>REFORZAR<br\/><\/strong>Seguimiento y acompa\u00f1amiento de las necesidades de nuestros programas durante el a\u00f1o.<\/p><p>Capacitaci\u00f3n y fortalecimiento del sector social en Baja California Sur.<\/p><p>Trabajo en conjunto con organizaciones dedicadas a mejorar la calidad de vida de los ni\u00f1os y adolescentes.<\/p><\/section>\t\t\t\t\t\t\t\t<\/div>\n\t\t\t\t<\/div>\n\t\t\t\t<div class=\"elementor-element elementor-element-e1cac4e elementor-widget-divider--view-line elementor-widget elementor-widget-divider\" data-id=\"e1cac4e\" data-element_type=\"widget\" data-e-type=\"widget\" data-widget_type=\"divider.default\">\n\t\t\t\t<div class=\"elementor-widget-container\">\n\t\t\t\t\t\t\t<div class=\"elementor-divider\">\n\t\t\t<span class=\"elementor-divider-separator\">\n\t\t\t\t\t\t<\/span>\n\t\t<\/div>\n\t\t\t\t\t\t<\/div>\n\t\t\t\t<\/div>\n\t\t\t\t<div class=\"elementor-element elementor-element-875763a elementor-widget elementor-widget-text-editor\" data-id=\"875763a\" data-element_type=\"widget\" data-e-type=\"widget\" data-widget_type=\"text-editor.default\">\n\t\t\t\t<div class=\"elementor-widget-container\">\n\t\t\t\t\t\t\t\t\t<section class=\"alb-wrapper\"><p><strong>VENTAJAS<\/strong><br\/>Apoyo financiero o en especie.<\/p><p>Reconocimiento por la adhesi\u00f3n a los principios de mejora continua, trabajo eficiente y transparencia. Conexi\u00f3n entre nuestra red de Programas Asociados y nuestros aliados estrat\u00e9gicos.<\/p><\/section>\t\t\t\t\t\t\t\t<\/div>\n\t\t\t\t<\/div>\n\t\t\t\t\t<\/div>\n\t\t<\/div>\n\t\t\t\t\t<\/div>\n\t\t<\/section>\n\t\t\t\t\t<\/div>\n\t\t<\/div>\n\t\t\t\t\t<\/div>\n\t\t<\/section>\n\t\t\t\t<\/div>","protected":false},"excerpt":{"rendered":"<p>Social Responsibility Los Cabos Children&#8217;s Foundation Los Cabos Children&#8217;s Foundation LCCF mission is to promote, strengthen and advance programs that have a focus on health and wellness for children and youth in Baja California Sur, to improve their quality of life. LCCF has a unique model: Operating its own programs Investing in other mission-aligned organizations [&hellip;]<\/p>\n","protected":false},"author":7,"featured_media":0,"parent":0,"menu_order":0,"comment_status":"closed","ping_status":"closed","template":"","meta":{"_acf_changed":false,"footnotes":""},"class_list":["post-4992","page","type-page","status-publish","hentry"],"acf":[],"yoast_head":"<!-- This site is optimized with the Yoast SEO plugin v27.0 - https:\/\/yoast.com\/product\/yoast-seo-wordpress\/ -->\n<title>Los Cabos Children\u2019s Foundation - Social Responsibility - Corazon Cabo<\/title>\n<meta name=\"description\" content=\"Learn about our work with LCCF. We are working to promote, strengthen and advance programs that improve quality of life for children of Baja California Sur.\" \/>\n<meta name=\"robots\" content=\"index, follow, max-snippet:-1, max-image-preview:large, max-video-preview:-1\" \/>\n<link rel=\"canonical\" href=\"https:\/\/www.corazoncabo.com\/es\/responsibilidad-social\/\" \/>\n<meta property=\"og:locale\" content=\"es_MX\" \/>\n<meta property=\"og:type\" content=\"article\" \/>\n<meta property=\"og:title\" content=\"Los Cabos Children\u2019s Foundation - Social Responsibility - Corazon Cabo\" \/>\n<meta property=\"og:description\" content=\"Learn about our work with LCCF. We are working to promote, strengthen and advance programs that improve quality of life for children of Baja California Sur.\" \/>\n<meta property=\"og:url\" content=\"https:\/\/www.corazoncabo.com\/es\/responsibilidad-social\/\" \/>\n<meta property=\"og:site_name\" content=\"Corazon Cabo Resort &amp; Spa\" \/>\n<meta property=\"article:publisher\" content=\"https:\/\/www.instagram.com\/corazoncabo\/\" \/>\n<meta property=\"article:modified_time\" content=\"2024-03-14T00:57:04+00:00\" \/>\n<meta property=\"og:image\" content=\"https:\/\/www.corazoncabo.com\/es\/\/\/wp-content\/uploads\/2022\/08\/kids-hero.jpg\" \/>\n<meta name=\"twitter:card\" content=\"summary_large_image\" \/>\n<meta name=\"twitter:site\" content=\"@CorazonCabo\" \/>\n<meta name=\"twitter:label1\" content=\"Tiempo de lectura\" \/>\n\t<meta name=\"twitter:data1\" content=\"4 minutos\" \/>\n<script type=\"application\/ld+json\" class=\"yoast-schema-graph\">{\"@context\":\"https:\/\/schema.org\",\"@graph\":[{\"@type\":\"WebPage\",\"@id\":\"https:\/\/www.corazoncabo.com\/social-responsibility\/\",\"url\":\"https:\/\/www.corazoncabo.com\/social-responsibility\/\",\"name\":\"Los Cabos Children\u2019s Foundation - Social Responsibility - Corazon Cabo\",\"isPartOf\":{\"@id\":\"https:\/\/www.corazoncabo.com\/#website\"},\"primaryImageOfPage\":{\"@id\":\"https:\/\/www.corazoncabo.com\/social-responsibility\/#primaryimage\"},\"image\":{\"@id\":\"https:\/\/www.corazoncabo.com\/social-responsibility\/#primaryimage\"},\"thumbnailUrl\":\"https:\/\/www.corazoncabo.com\/wp-content\/uploads\/2022\/08\/childrens-foundation-horz-1024x768.jpg\",\"datePublished\":\"2022-08-11T01:39:57+00:00\",\"dateModified\":\"2024-03-14T00:57:04+00:00\",\"description\":\"Learn about our work with LCCF. We are working to promote, strengthen and advance programs that improve quality of life for children of Baja California Sur.\",\"breadcrumb\":{\"@id\":\"https:\/\/www.corazoncabo.com\/social-responsibility\/#breadcrumb\"},\"inLanguage\":\"es\",\"potentialAction\":[{\"@type\":\"ReadAction\",\"target\":[\"https:\/\/www.corazoncabo.com\/social-responsibility\/\"]}]},{\"@type\":\"ImageObject\",\"inLanguage\":\"es\",\"@id\":\"https:\/\/www.corazoncabo.com\/social-responsibility\/#primaryimage\",\"url\":\"https:\/\/www.corazoncabo.com\/wp-content\/uploads\/2022\/08\/childrens-foundation-horz-1024x768.jpg\",\"contentUrl\":\"https:\/\/www.corazoncabo.com\/wp-content\/uploads\/2022\/08\/childrens-foundation-horz-1024x768.jpg\"},{\"@type\":\"BreadcrumbList\",\"@id\":\"https:\/\/www.corazoncabo.com\/social-responsibility\/#breadcrumb\",\"itemListElement\":[{\"@type\":\"ListItem\",\"position\":1,\"name\":\"Home\",\"item\":\"https:\/\/www.corazoncabo.com\/\"},{\"@type\":\"ListItem\",\"position\":2,\"name\":\"Social Responsibility\"}]},{\"@type\":\"WebSite\",\"@id\":\"https:\/\/www.corazoncabo.com\/#website\",\"url\":\"https:\/\/www.corazoncabo.com\/\",\"name\":\"Corazon Cabo Resort &amp; Spa\",\"description\":\"The Perfect Cabo Resort Vacation Destination\",\"publisher\":{\"@id\":\"https:\/\/www.corazoncabo.com\/#organization\"},\"potentialAction\":[{\"@type\":\"SearchAction\",\"target\":{\"@type\":\"EntryPoint\",\"urlTemplate\":\"https:\/\/www.corazoncabo.com\/?s={search_term_string}\"},\"query-input\":{\"@type\":\"PropertyValueSpecification\",\"valueRequired\":true,\"valueName\":\"search_term_string\"}}],\"inLanguage\":\"es\"},{\"@type\":\"Organization\",\"@id\":\"https:\/\/www.corazoncabo.com\/#organization\",\"name\":\"Corazon Cabo Resort & Spa\",\"url\":\"https:\/\/www.corazoncabo.com\/\",\"logo\":{\"@type\":\"ImageObject\",\"inLanguage\":\"es\",\"@id\":\"https:\/\/www.corazoncabo.com\/#\/schema\/logo\/image\/\",\"url\":\"https:\/\/www.corazoncabo.com\/wp-content\/uploads\/2021\/10\/Corazon-logo-black.svg\",\"contentUrl\":\"https:\/\/www.corazoncabo.com\/wp-content\/uploads\/2021\/10\/Corazon-logo-black.svg\",\"width\":2880,\"height\":536.8,\"caption\":\"Corazon Cabo Resort & Spa\"},\"image\":{\"@id\":\"https:\/\/www.corazoncabo.com\/#\/schema\/logo\/image\/\"},\"sameAs\":[\"https:\/\/www.instagram.com\/corazoncabo\/\",\"https:\/\/x.com\/CorazonCabo\",\"https:\/\/www.facebook.com\/CorazonCabo\/\",\"https:\/\/www.pinterest.com.mx\/corazoncabo\/\"]}]}<\/script>\n<!-- \/ Yoast SEO plugin. -->","yoast_head_json":{"title":"Los Cabos Children's Foundation - Responsabilidad social - Coraz\u00f3n Cabo","description":"Conoce nuestro trabajo con LCCF. Estamos trabajando para promover, fortalecer y avanzar en programas que mejoren la calidad de vida de los ni\u00f1os de Baja California Sur.","robots":{"index":"index","follow":"follow","max-snippet":"max-snippet:-1","max-image-preview":"max-image-preview:large","max-video-preview":"max-video-preview:-1"},"canonical":"https:\/\/www.corazoncabo.com\/es\/responsibilidad-social\/","og_locale":"es_MX","og_type":"article","og_title":"Los Cabos Children\u2019s Foundation - Social Responsibility - Corazon Cabo","og_description":"Learn about our work with LCCF. We are working to promote, strengthen and advance programs that improve quality of life for children of Baja California Sur.","og_url":"https:\/\/www.corazoncabo.com\/es\/responsibilidad-social\/","og_site_name":"Corazon Cabo Resort &amp; Spa","article_publisher":"https:\/\/www.instagram.com\/corazoncabo\/","article_modified_time":"2024-03-14T00:57:04+00:00","og_image":[{"url":"https:\/\/www.corazoncabo.com\/es\/\/\/wp-content\/uploads\/2022\/08\/kids-hero.jpg","type":"","width":"","height":""}],"twitter_card":"summary_large_image","twitter_site":"@CorazonCabo","twitter_misc":{"Tiempo de lectura":"4 minutos"},"schema":{"@context":"https:\/\/schema.org","@graph":[{"@type":"WebPage","@id":"https:\/\/www.corazoncabo.com\/social-responsibility\/","url":"https:\/\/www.corazoncabo.com\/social-responsibility\/","name":"Los Cabos Children's Foundation - Responsabilidad social - Coraz\u00f3n Cabo","isPartOf":{"@id":"https:\/\/www.corazoncabo.com\/#website"},"primaryImageOfPage":{"@id":"https:\/\/www.corazoncabo.com\/social-responsibility\/#primaryimage"},"image":{"@id":"https:\/\/www.corazoncabo.com\/social-responsibility\/#primaryimage"},"thumbnailUrl":"https:\/\/www.corazoncabo.com\/wp-content\/uploads\/2022\/08\/childrens-foundation-horz-1024x768.jpg","datePublished":"2022-08-11T01:39:57+00:00","dateModified":"2024-03-14T00:57:04+00:00","description":"Conoce nuestro trabajo con LCCF. Estamos trabajando para promover, fortalecer y avanzar en programas que mejoren la calidad de vida de los ni\u00f1os de Baja California Sur.","breadcrumb":{"@id":"https:\/\/www.corazoncabo.com\/social-responsibility\/#breadcrumb"},"inLanguage":"es","potentialAction":[{"@type":"ReadAction","target":["https:\/\/www.corazoncabo.com\/social-responsibility\/"]}]},{"@type":"ImageObject","inLanguage":"es","@id":"https:\/\/www.corazoncabo.com\/social-responsibility\/#primaryimage","url":"https:\/\/www.corazoncabo.com\/wp-content\/uploads\/2022\/08\/childrens-foundation-horz-1024x768.jpg","contentUrl":"https:\/\/www.corazoncabo.com\/wp-content\/uploads\/2022\/08\/childrens-foundation-horz-1024x768.jpg"},{"@type":"BreadcrumbList","@id":"https:\/\/www.corazoncabo.com\/social-responsibility\/#breadcrumb","itemListElement":[{"@type":"ListItem","position":1,"name":"Home","item":"https:\/\/www.corazoncabo.com\/"},{"@type":"ListItem","position":2,"name":"Social Responsibility"}]},{"@type":"WebSite","@id":"https:\/\/www.corazoncabo.com\/#website","url":"https:\/\/www.corazoncabo.com\/","name":"Coraz\u00f3n Cabo Resort &amp; Spa","description":"El destino vacacional perfecto en Los Cabos","publisher":{"@id":"https:\/\/www.corazoncabo.com\/#organization"},"potentialAction":[{"@type":"SearchAction","target":{"@type":"EntryPoint","urlTemplate":"https:\/\/www.corazoncabo.com\/?s={search_term_string}"},"query-input":{"@type":"PropertyValueSpecification","valueRequired":true,"valueName":"search_term_string"}}],"inLanguage":"es"},{"@type":"Organization","@id":"https:\/\/www.corazoncabo.com\/#organization","name":"Coraz\u00f3n Cabo Resort &amp; Spa","url":"https:\/\/www.corazoncabo.com\/","logo":{"@type":"ImageObject","inLanguage":"es","@id":"https:\/\/www.corazoncabo.com\/#\/schema\/logo\/image\/","url":"https:\/\/www.corazoncabo.com\/wp-content\/uploads\/2021\/10\/Corazon-logo-black.svg","contentUrl":"https:\/\/www.corazoncabo.com\/wp-content\/uploads\/2021\/10\/Corazon-logo-black.svg","width":2880,"height":536.8,"caption":"Corazon Cabo Resort & Spa"},"image":{"@id":"https:\/\/www.corazoncabo.com\/#\/schema\/logo\/image\/"},"sameAs":["https:\/\/www.instagram.com\/corazoncabo\/","https:\/\/x.com\/CorazonCabo","https:\/\/www.facebook.com\/CorazonCabo\/","https:\/\/www.pinterest.com.mx\/corazoncabo\/"]}]}},"_links":{"self":[{"href":"https:\/\/www.corazoncabo.com\/es\/wp-json\/wp\/v2\/pages\/4992","targetHints":{"allow":["GET"]}}],"collection":[{"href":"https:\/\/www.corazoncabo.com\/es\/wp-json\/wp\/v2\/pages"}],"about":[{"href":"https:\/\/www.corazoncabo.com\/es\/wp-json\/wp\/v2\/types\/page"}],"author":[{"embeddable":true,"href":"https:\/\/www.corazoncabo.com\/es\/wp-json\/wp\/v2\/users\/7"}],"replies":[{"embeddable":true,"href":"https:\/\/www.corazoncabo.com\/es\/wp-json\/wp\/v2\/comments?post=4992"}],"version-history":[{"count":0,"href":"https:\/\/www.corazoncabo.com\/es\/wp-json\/wp\/v2\/pages\/4992\/revisions"}],"wp:attachment":[{"href":"https:\/\/www.corazoncabo.com\/es\/wp-json\/wp\/v2\/media?parent=4992"}],"curies":[{"name":"wp","href":"https:\/\/api.w.org\/{rel}","templated":true}]}}